{"id":966,"date":"2024-08-20T13:10:44","date_gmt":"2024-08-20T11:10:44","guid":{"rendered":"https:\/\/staminawebs.com\/transformancy\/politica-de-privacidad\/"},"modified":"2024-08-20T13:25:54","modified_gmt":"2024-08-20T11:25:54","slug":"politica-de-privacidad","status":"publish","type":"page","link":"https:\/\/transformancy.com\/es\/politica-de-privacidad\/","title":{"rendered":"Pol\u00edtica de privacidad"},"content":{"rendered":"\t\t<div data-elementor-type=\"wp-page\" data-elementor-id=\"966\" class=\"elementor elementor-966 elementor-954\" data-elementor-post-type=\"page\">\n\t\t\t\t<div class=\"elementor-element elementor-element-f6722c2 e-flex e-con-boxed e-con e-parent\" data-id=\"f6722c2\" data-element_type=\"container\" data-e-type=\"container\">\n\t\t\t\t\t<div class=\"e-con-inner\">\n\t\t\t\t<div class=\"elementor-element elementor-element-2880540 elementor-widget elementor-widget-heading\" data-id=\"2880540\" data-element_type=\"widget\" data-e-type=\"widget\" data-widget_type=\"heading.default\">\n\t\t\t\t<div class=\"elementor-widget-container\">\n\t\t\t\t\t<h1 class=\"elementor-heading-title elementor-size-default\">Pol\u00edtica de privacidad Transformancy<\/h1>\t\t\t\t<\/div>\n\t\t\t\t<\/div>\n\t\t\t\t<div class=\"elementor-element elementor-element-9a9c306 elementor-widget elementor-widget-text-editor\" data-id=\"9a9c306\" data-element_type=\"widget\" data-e-type=\"widget\" data-widget_type=\"text-editor.default\">\n\t\t\t\t<div class=\"elementor-widget-container\">\n\t\t\t\t\t\t\t\t\t<p><span style=\"font-weight: 400;\">Este aviso de privacidad le informa de lo que puede esperar que hagamos con su informaci\u00f3n personal.<\/span><\/p>\n<ul>\n<li><span style=\"font-weight: 400;\">   <\/span><span style=\"font-weight: 400;\">Datos de contacto<\/span><\/li>\n<li><span style=\"font-weight: 400;\">   <\/span><span style=\"font-weight: 400;\">Qu\u00e9 informaci\u00f3n recopilamos, c\u00f3mo la utilizamos y por qu\u00e9<\/span><\/li>\n<li><span style=\"font-weight: 400;\">   <\/span><span style=\"font-weight: 400;\">Fundamentos jur\u00eddicos y derechos en materia de protecci\u00f3n de datos<\/span><\/li>\n<li><span style=\"font-weight: 400;\">   <\/span><span style=\"font-weight: 400;\">De d\u00f3nde obtenemos la informaci\u00f3n personal<\/span><\/li>\n<li><span style=\"font-weight: 400;\">   <\/span><span style=\"font-weight: 400;\">Cu\u00e1nto tiempo conservamos la informaci\u00f3n<\/span><\/li>\n<li><span style=\"font-weight: 400;\">   <\/span><span style=\"font-weight: 400;\">C\u00f3mo reclamar<\/span><\/li>\n<\/ul>\n<h2><span style=\"font-weight: 400;\">Datos de contacto<\/span><\/h2>\n<h3><span style=\"font-weight: 400;\">Email<\/span><\/h3>\n<p><span style=\"font-weight: 400;\">info@transformancy.com<\/span><\/p>\n<h2><span style=\"font-weight: 400;\">Qu\u00e9 informaci\u00f3n recopilamos, c\u00f3mo la utilizamos y por qu\u00e9<\/span><\/h2>\n<p><span style=\"font-weight: 400;\">Recogemos o utilizamos la siguiente informaci\u00f3n para <\/span><b>proporcionar y mejorar productos y servicios a los clientes<\/b><span style=\"font-weight: 400;\">:<\/span><\/p>\n<ul>\n<li><span style=\"font-weight: 400;\">   <\/span><span style=\"font-weight: 400;\">Nombres y datos de contacto<\/span><\/li>\n<li><span style=\"font-weight: 400;\">   <\/span><span style=\"font-weight: 400;\">Direcciones<\/span><\/li>\n<li><span style=\"font-weight: 400;\">   <\/span><span style=\"font-weight: 400;\">Datos de las transacciones (incluidos los datos de los pagos efectuados a y por usted y los datos de los productos y servicios que ha adquirido)<\/span><\/li>\n<\/ul>\n<h2><span style=\"font-weight: 400;\">Fundamentos jur\u00eddicos y derechos en materia de protecci\u00f3n de datos<\/span><\/h2>\n<h3><span style=\"font-weight: 400;\">Nuestros fundamentos jur\u00eddicos para la recogida y el uso de sus datos<\/span><\/h3>\n<p><span style=\"font-weight: 400;\">Nuestras bases legales para recopilar o utilizar informaci\u00f3n personal son <\/span><b>proporcionar y mejorar los productos y servicios a los clientes<\/b><span style=\"font-weight: 400;\"> son:<\/span><\/p>\n<ul>\n<li><span style=\"font-weight: 400;\">   <\/span><span style=\"font-weight: 400;\">Consentimiento: tenemos su permiso despu\u00e9s de haberle facilitado toda la informaci\u00f3n pertinente. Pueden aplicarse todos sus derechos de protecci\u00f3n de datos, excepto el derecho de oposici\u00f3n. Para que quede claro, tiene derecho a retirar su consentimiento en cualquier momento.  <\/span><\/li>\n<li><span style=\"font-weight: 400;\">   <\/span><span style=\"font-weight: 400;\">Contrato: tenemos que recoger o utilizar la informaci\u00f3n para poder celebrar o ejecutar un contrato con usted. Pueden aplicarse todos sus derechos de protecci\u00f3n de datos, excepto el derecho de oposici\u00f3n. <\/span><\/li>\n<\/ul>\n<h2><span style=\"font-weight: 400;\">De d\u00f3nde obtenemos la informaci\u00f3n personal<\/span><\/h2>\n<ul>\n<li><span style=\"font-weight: 400;\">   <\/span><span style=\"font-weight: 400;\">Directamente de usted<\/span><\/li>\n<\/ul>\n<h2><span style=\"font-weight: 400;\">Cu\u00e1nto tiempo conservamos la informaci\u00f3n<\/span><\/h2>\n<p><span style=\"font-weight: 400;\">Almacenamos la informaci\u00f3n personal durante 12 meses.<\/span><\/p>\n<h2><span style=\"font-weight: 400;\">C\u00f3mo reclamar<\/span><\/h2>\n<p><span style=\"font-weight: 400;\">Si tiene alguna duda sobre el uso que hacemos de sus datos personales, puede presentarnos una queja utilizando los datos de contacto que figuran en la parte superior de este aviso de privacidad.<\/span><\/p>\n<p><span style=\"font-weight: 400;\">Si sigue descontento con el uso que hemos hecho de sus datos despu\u00e9s de presentarnos una queja, tambi\u00e9n puede reclamar ante la ICO.<\/span><\/p>\n<p><span style=\"font-weight: 400;\">Direcci\u00f3n del ICO: <\/span><\/p>\n<p><span style=\"font-weight: 400;\">Oficina del Comisario de Informaci\u00f3n<\/span><span style=\"font-weight: 400;\"><br \/><\/span><span style=\"font-weight: 400;\">Wycliffe House<\/span><span style=\"font-weight: 400;\"><br \/><\/span><span style=\"font-weight: 400;\">Water Lane<\/span><span style=\"font-weight: 400;\"><br \/><\/span><span style=\"font-weight: 400;\">Wilmslow<\/span><span style=\"font-weight: 400;\"><br \/><\/span><span style=\"font-weight: 400;\">Cheshire<\/span><span style=\"font-weight: 400;\"><br \/><\/span><span style=\"font-weight: 400;\">SK9 5AF<\/span><\/p>\n<p><span style=\"font-weight: 400;\">Tel\u00e9fono de asistencia: 0303 123 1113<\/span><\/p>\n<p><span style=\"font-weight: 400;\">Web:<\/span><a href=\"https:\/\/ico.org.uk\/make-a-complaint\/\"> <span style=\"font-weight: 400;\">https:\/\/www.ico.org.uk\/make-a-complaint<\/span><\/a><\/p>\n<h2><span style=\"font-weight: 400;\">\u00daltima actualizaci\u00f3n<\/span><\/h2>\n<p><span style=\"font-weight: 400;\">20 agosto 2024<\/span><\/p>\n\t\t\t\t\t\t\t\t<\/div>\n\t\t\t\t<\/div>\n\t\t\t\t\t<\/div>\n\t\t\t\t<\/div>\n\t\t\t\t<\/div>\n\t\t","protected":false},"excerpt":{"rendered":"<p>Pol\u00edtica de privacidad Transformancy Este aviso de privacidad le informa de lo que puede esperar que hagamos con su informaci\u00f3n personal. Datos de contacto Qu\u00e9 informaci\u00f3n recopilamos, c\u00f3mo la utilizamos y por qu\u00e9 Fundamentos jur\u00eddicos y derechos en materia de protecci\u00f3n de datos De d\u00f3nde obtenemos la informaci\u00f3n personal Cu\u00e1nto tiempo conservamos la informaci\u00f3n C\u00f3mo &#8230; <a title=\"Pol\u00edtica de privacidad\" class=\"read-more\" href=\"https:\/\/transformancy.com\/es\/politica-de-privacidad\/\" aria-label=\"Leer m\u00e1s sobre Pol\u00edtica de privacidad\">Leer m\u00e1s<\/a><\/p>\n","protected":false},"author":1,"featured_media":0,"parent":0,"menu_order":0,"comment_status":"closed","ping_status":"closed","template":"elementor_header_footer","meta":{"inline_featured_image":false,"footnotes":""},"class_list":["post-966","page","type-page","status-publish"],"yoast_head":"<!-- This site is optimized with the Yoast SEO plugin v27.4 - https:\/\/yoast.com\/product\/yoast-seo-wordpress\/ -->\n<title>Pol\u00edtica de privacidad - Transformancy<\/title>\n<meta name=\"robots\" content=\"index, follow, max-snippet:-1, max-image-preview:large, max-video-preview:-1\" \/>\n<link rel=\"canonical\" href=\"https:\/\/transformancy.com\/es\/politica-de-privacidad\/\" \/>\n<meta property=\"og:locale\" content=\"es_ES\" \/>\n<meta property=\"og:type\" content=\"article\" \/>\n<meta property=\"og:title\" content=\"Pol\u00edtica de privacidad - Transformancy\" \/>\n<meta property=\"og:description\" content=\"Pol\u00edtica de privacidad Transformancy Este aviso de privacidad le informa de lo que puede esperar que hagamos con su informaci\u00f3n personal. Datos de contacto Qu\u00e9 informaci\u00f3n recopilamos, c\u00f3mo la utilizamos y por qu\u00e9 Fundamentos jur\u00eddicos y derechos en materia de protecci\u00f3n de datos De d\u00f3nde obtenemos la informaci\u00f3n personal Cu\u00e1nto tiempo conservamos la informaci\u00f3n C\u00f3mo ... Leer m\u00e1s\" \/>\n<meta property=\"og:url\" content=\"https:\/\/transformancy.com\/es\/politica-de-privacidad\/\" \/>\n<meta property=\"og:site_name\" content=\"Transformancy\" \/>\n<meta property=\"article:modified_time\" content=\"2024-08-20T11:25:54+00:00\" \/>\n<meta name=\"twitter:card\" content=\"summary_large_image\" \/>\n<meta name=\"twitter:label1\" content=\"Tiempo de lectura\" \/>\n\t<meta name=\"twitter:data1\" content=\"2 minutos\" \/>\n<script type=\"application\/ld+json\" class=\"yoast-schema-graph\">{\"@context\":\"https:\\\/\\\/schema.org\",\"@graph\":[{\"@type\":\"WebPage\",\"@id\":\"https:\\\/\\\/transformancy.com\\\/es\\\/politica-de-privacidad\\\/\",\"url\":\"https:\\\/\\\/transformancy.com\\\/es\\\/politica-de-privacidad\\\/\",\"name\":\"Pol\u00edtica de privacidad - Transformancy\",\"isPartOf\":{\"@id\":\"https:\\\/\\\/transformancy.com\\\/es\\\/#website\"},\"datePublished\":\"2024-08-20T11:10:44+00:00\",\"dateModified\":\"2024-08-20T11:25:54+00:00\",\"breadcrumb\":{\"@id\":\"https:\\\/\\\/transformancy.com\\\/es\\\/politica-de-privacidad\\\/#breadcrumb\"},\"inLanguage\":\"es\",\"potentialAction\":[{\"@type\":\"ReadAction\",\"target\":[\"https:\\\/\\\/transformancy.com\\\/es\\\/politica-de-privacidad\\\/\"]}]},{\"@type\":\"BreadcrumbList\",\"@id\":\"https:\\\/\\\/transformancy.com\\\/es\\\/politica-de-privacidad\\\/#breadcrumb\",\"itemListElement\":[{\"@type\":\"ListItem\",\"position\":1,\"name\":\"Portada\",\"item\":\"https:\\\/\\\/transformancy.com\\\/es\\\/\"},{\"@type\":\"ListItem\",\"position\":2,\"name\":\"Pol\u00edtica de privacidad\"}]},{\"@type\":\"WebSite\",\"@id\":\"https:\\\/\\\/transformancy.com\\\/es\\\/#website\",\"url\":\"https:\\\/\\\/transformancy.com\\\/es\\\/\",\"name\":\"Transformancy\",\"description\":\"\",\"publisher\":{\"@id\":\"https:\\\/\\\/transformancy.com\\\/es\\\/#organization\"},\"potentialAction\":[{\"@type\":\"SearchAction\",\"target\":{\"@type\":\"EntryPoint\",\"urlTemplate\":\"https:\\\/\\\/transformancy.com\\\/es\\\/?s={search_term_string}\"},\"query-input\":{\"@type\":\"PropertyValueSpecification\",\"valueRequired\":true,\"valueName\":\"search_term_string\"}}],\"inLanguage\":\"es\"},{\"@type\":\"Organization\",\"@id\":\"https:\\\/\\\/transformancy.com\\\/es\\\/#organization\",\"name\":\"Transformancy\",\"url\":\"https:\\\/\\\/transformancy.com\\\/es\\\/\",\"logo\":{\"@type\":\"ImageObject\",\"inLanguage\":\"es\",\"@id\":\"https:\\\/\\\/transformancy.com\\\/es\\\/#\\\/schema\\\/logo\\\/image\\\/\",\"url\":\"https:\\\/\\\/transformancy.com\\\/wp-content\\\/uploads\\\/2024\\\/08\\\/transformancy-1.png\",\"contentUrl\":\"https:\\\/\\\/transformancy.com\\\/wp-content\\\/uploads\\\/2024\\\/08\\\/transformancy-1.png\",\"width\":512,\"height\":512,\"caption\":\"Transformancy\"},\"image\":{\"@id\":\"https:\\\/\\\/transformancy.com\\\/es\\\/#\\\/schema\\\/logo\\\/image\\\/\"}}]}<\/script>\n<!-- \/ Yoast SEO plugin. -->","yoast_head_json":{"title":"Pol\u00edtica de privacidad - Transformancy","robots":{"index":"index","follow":"follow","max-snippet":"max-snippet:-1","max-image-preview":"max-image-preview:large","max-video-preview":"max-video-preview:-1"},"canonical":"https:\/\/transformancy.com\/es\/politica-de-privacidad\/","og_locale":"es_ES","og_type":"article","og_title":"Pol\u00edtica de privacidad - Transformancy","og_description":"Pol\u00edtica de privacidad Transformancy Este aviso de privacidad le informa de lo que puede esperar que hagamos con su informaci\u00f3n personal. Datos de contacto Qu\u00e9 informaci\u00f3n recopilamos, c\u00f3mo la utilizamos y por qu\u00e9 Fundamentos jur\u00eddicos y derechos en materia de protecci\u00f3n de datos De d\u00f3nde obtenemos la informaci\u00f3n personal Cu\u00e1nto tiempo conservamos la informaci\u00f3n C\u00f3mo ... Leer m\u00e1s","og_url":"https:\/\/transformancy.com\/es\/politica-de-privacidad\/","og_site_name":"Transformancy","article_modified_time":"2024-08-20T11:25:54+00:00","twitter_card":"summary_large_image","twitter_misc":{"Tiempo de lectura":"2 minutos"},"schema":{"@context":"https:\/\/schema.org","@graph":[{"@type":"WebPage","@id":"https:\/\/transformancy.com\/es\/politica-de-privacidad\/","url":"https:\/\/transformancy.com\/es\/politica-de-privacidad\/","name":"Pol\u00edtica de privacidad - Transformancy","isPartOf":{"@id":"https:\/\/transformancy.com\/es\/#website"},"datePublished":"2024-08-20T11:10:44+00:00","dateModified":"2024-08-20T11:25:54+00:00","breadcrumb":{"@id":"https:\/\/transformancy.com\/es\/politica-de-privacidad\/#breadcrumb"},"inLanguage":"es","potentialAction":[{"@type":"ReadAction","target":["https:\/\/transformancy.com\/es\/politica-de-privacidad\/"]}]},{"@type":"BreadcrumbList","@id":"https:\/\/transformancy.com\/es\/politica-de-privacidad\/#breadcrumb","itemListElement":[{"@type":"ListItem","position":1,"name":"Portada","item":"https:\/\/transformancy.com\/es\/"},{"@type":"ListItem","position":2,"name":"Pol\u00edtica de privacidad"}]},{"@type":"WebSite","@id":"https:\/\/transformancy.com\/es\/#website","url":"https:\/\/transformancy.com\/es\/","name":"Transformancy","description":"","publisher":{"@id":"https:\/\/transformancy.com\/es\/#organization"},"potentialAction":[{"@type":"SearchAction","target":{"@type":"EntryPoint","urlTemplate":"https:\/\/transformancy.com\/es\/?s={search_term_string}"},"query-input":{"@type":"PropertyValueSpecification","valueRequired":true,"valueName":"search_term_string"}}],"inLanguage":"es"},{"@type":"Organization","@id":"https:\/\/transformancy.com\/es\/#organization","name":"Transformancy","url":"https:\/\/transformancy.com\/es\/","logo":{"@type":"ImageObject","inLanguage":"es","@id":"https:\/\/transformancy.com\/es\/#\/schema\/logo\/image\/","url":"https:\/\/transformancy.com\/wp-content\/uploads\/2024\/08\/transformancy-1.png","contentUrl":"https:\/\/transformancy.com\/wp-content\/uploads\/2024\/08\/transformancy-1.png","width":512,"height":512,"caption":"Transformancy"},"image":{"@id":"https:\/\/transformancy.com\/es\/#\/schema\/logo\/image\/"}}]}},"_links":{"self":[{"href":"https:\/\/transformancy.com\/es\/wp-json\/wp\/v2\/pages\/966","targetHints":{"allow":["GET"]}}],"collection":[{"href":"https:\/\/transformancy.com\/es\/wp-json\/wp\/v2\/pages"}],"about":[{"href":"https:\/\/transformancy.com\/es\/wp-json\/wp\/v2\/types\/page"}],"author":[{"embeddable":true,"href":"https:\/\/transformancy.com\/es\/wp-json\/wp\/v2\/users\/1"}],"replies":[{"embeddable":true,"href":"https:\/\/transformancy.com\/es\/wp-json\/wp\/v2\/comments?post=966"}],"version-history":[{"count":0,"href":"https:\/\/transformancy.com\/es\/wp-json\/wp\/v2\/pages\/966\/revisions"}],"wp:attachment":[{"href":"https:\/\/transformancy.com\/es\/wp-json\/wp\/v2\/media?parent=966"}],"curies":[{"name":"wp","href":"https:\/\/api.w.org\/{rel}","templated":true}]}}