{"id":746,"date":"2024-07-15T14:55:46","date_gmt":"2024-07-15T12:55:46","guid":{"rendered":"https:\/\/staminawebs.com\/transformancy\/ong\/"},"modified":"2024-08-29T13:21:42","modified_gmt":"2024-08-29T11:21:42","slug":"ong","status":"publish","type":"page","link":"https:\/\/transformancy.com\/es\/ong\/","title":{"rendered":"Organizaciones de Desarrollo"},"content":{"rendered":"\t\t<div data-elementor-type=\"wp-page\" data-elementor-id=\"746\" class=\"elementor elementor-746 elementor-448\" data-elementor-post-type=\"page\">\n\t\t\t\t<div class=\"elementor-element elementor-element-90f2283 e-flex e-con-boxed e-con e-parent\" data-id=\"90f2283\" data-element_type=\"container\" data-e-type=\"container\">\n\t\t\t\t\t<div class=\"e-con-inner\">\n\t\t\t\t<div class=\"elementor-element elementor-element-87efc88 elementor-invisible elementor-widget elementor-widget-heading\" data-id=\"87efc88\" data-element_type=\"widget\" data-e-type=\"widget\" data-settings=\"{&quot;_animation&quot;:&quot;fadeInUp&quot;}\" data-widget_type=\"heading.default\">\n\t\t\t\t<div class=\"elementor-widget-container\">\n\t\t\t\t\t<h1 class=\"elementor-heading-title elementor-size-default\">Consultores ben\u00e9ficos - consultor\u00eda sin \u00e1nimo de lucro - consultor\u00eda ONG<\/h1>\t\t\t\t<\/div>\n\t\t\t\t<\/div>\n\t\t\t\t<div class=\"elementor-element elementor-element-eaba7fb elementor-widget elementor-widget-heading\" data-id=\"eaba7fb\" data-element_type=\"widget\" data-e-type=\"widget\" data-widget_type=\"heading.default\">\n\t\t\t\t<div class=\"elementor-widget-container\">\n\t\t\t\t\t<h2 class=\"elementor-heading-title elementor-size-default\">Nuestro trabajo en las Organizaciones de Desarollo<\/h2>\t\t\t\t<\/div>\n\t\t\t\t<\/div>\n\t\t\t\t\t<\/div>\n\t\t\t\t<\/div>\n\t\t<div class=\"elementor-element elementor-element-3f63b9d e-flex e-con-boxed e-con e-parent\" data-id=\"3f63b9d\" data-element_type=\"container\" data-e-type=\"container\">\n\t\t\t\t\t<div class=\"e-con-inner\">\n\t\t\t\t<div class=\"elementor-element elementor-element-4a78155 elementor-widget elementor-widget-jet-listing-grid\" data-id=\"4a78155\" data-element_type=\"widget\" data-e-type=\"widget\" data-settings=\"{&quot;columns&quot;:3,&quot;columns_tablet&quot;:&quot;2&quot;,&quot;columns_mobile&quot;:&quot;1&quot;}\" data-widget_type=\"jet-listing-grid.default\">\n\t\t\t\t<div class=\"elementor-widget-container\">\n\t\t\t\t\t<div class=\"jet-listing-grid jet-listing\"><div class=\"jet-listing-grid__items grid-col-desk-3 grid-col-tablet-2 grid-col-mobile-1 jet-listing-grid--854\" data-queried-id=\"746|WP_Post\" data-nav=\"{&quot;enabled&quot;:false,&quot;type&quot;:null,&quot;more_el&quot;:null,&quot;query&quot;:[],&quot;widget_settings&quot;:{&quot;lisitng_id&quot;:854,&quot;posts_num&quot;:12,&quot;columns&quot;:3,&quot;columns_tablet&quot;:2,&quot;columns_mobile&quot;:1,&quot;column_min_width&quot;:240,&quot;column_min_width_tablet&quot;:240,&quot;column_min_width_mobile&quot;:240,&quot;inline_columns_css&quot;:false,&quot;is_archive_template&quot;:&quot;&quot;,&quot;post_status&quot;:[&quot;publish&quot;],&quot;use_random_posts_num&quot;:&quot;&quot;,&quot;max_posts_num&quot;:9,&quot;not_found_message&quot;:&quot;No se han encontrado datos&quot;,&quot;is_masonry&quot;:false,&quot;equal_columns_height&quot;:&quot;&quot;,&quot;use_load_more&quot;:&quot;&quot;,&quot;load_more_id&quot;:&quot;&quot;,&quot;load_more_type&quot;:&quot;click&quot;,&quot;load_more_offset&quot;:{&quot;unit&quot;:&quot;px&quot;,&quot;size&quot;:0,&quot;sizes&quot;:[]},&quot;use_custom_post_types&quot;:&quot;&quot;,&quot;custom_post_types&quot;:[],&quot;hide_widget_if&quot;:&quot;&quot;,&quot;carousel_enabled&quot;:&quot;&quot;,&quot;slides_to_scroll&quot;:&quot;1&quot;,&quot;arrows&quot;:&quot;true&quot;,&quot;arrow_icon&quot;:&quot;fa fa-angle-left&quot;,&quot;dots&quot;:&quot;&quot;,&quot;autoplay&quot;:&quot;true&quot;,&quot;pause_on_hover&quot;:&quot;true&quot;,&quot;autoplay_speed&quot;:5000,&quot;infinite&quot;:&quot;true&quot;,&quot;center_mode&quot;:&quot;&quot;,&quot;effect&quot;:&quot;slide&quot;,&quot;speed&quot;:500,&quot;inject_alternative_items&quot;:&quot;&quot;,&quot;injection_items&quot;:[],&quot;scroll_slider_enabled&quot;:&quot;&quot;,&quot;scroll_slider_on&quot;:[&quot;desktop&quot;,&quot;tablet&quot;,&quot;mobile&quot;],&quot;custom_query&quot;:false,&quot;custom_query_id&quot;:&quot;&quot;,&quot;_element_id&quot;:&quot;&quot;,&quot;collapse_first_last_gap&quot;:false,&quot;list_tag_selection&quot;:&quot;&quot;,&quot;list_items_wrapper_tag&quot;:&quot;div&quot;,&quot;list_item_tag&quot;:&quot;div&quot;,&quot;empty_items_wrapper_tag&quot;:&quot;div&quot;}}\" data-page=\"1\" data-pages=\"1\" data-listing-source=\"posts\" data-listing-id=\"854\" data-query-id=\"\"><div class=\"jet-listing-grid__item jet-listing-dynamic-post-1039\" data-post-id=\"1039\"  ><div class=\"jet-engine-listing-overlay-wrap\" data-url=\"https:\/\/transformancy.com\/es\/portfolios\/wwf-suecia\/\">\t\t<div data-elementor-type=\"jet-listing-items\" data-elementor-id=\"854\" class=\"elementor elementor-854\" data-elementor-post-type=\"jet-engine\">\n\t\t\t\t<a class=\"elementor-element elementor-element-04cbd8f e-con-full e-flex e-con e-child\" data-id=\"04cbd8f\" data-element_type=\"container\" data-e-type=\"container\" href=\"#\">\n\t\t<div class=\"elementor-element elementor-element-2938c47 e-con-full e-flex e-con e-child\" data-id=\"2938c47\" data-element_type=\"container\" data-e-type=\"container\" data-settings=\"{&quot;background_background&quot;:&quot;classic&quot;}\">\n\t\t\t\t<div class=\"elementor-element elementor-element-aa360ae elementor-widget elementor-widget-image\" data-id=\"aa360ae\" data-element_type=\"widget\" data-e-type=\"widget\" data-widget_type=\"image.default\">\n\t\t\t\t<div class=\"elementor-widget-container\">\n\t\t\t\t\t\t\t\t\t\t\t\t\t\t\t<img fetchpriority=\"high\" decoding=\"async\" width=\"2400\" height=\"2400\" src=\"https:\/\/transformancy.com\/wp-content\/uploads\/2024\/08\/wwf-4-logo-black-and-white.png\" class=\"attachment-full size-full wp-image-1038\" alt=\"\" srcset=\"https:\/\/transformancy.com\/wp-content\/uploads\/2024\/08\/wwf-4-logo-black-and-white.png 2400w, https:\/\/transformancy.com\/wp-content\/uploads\/2024\/08\/wwf-4-logo-black-and-white-300x300.png 300w, https:\/\/transformancy.com\/wp-content\/uploads\/2024\/08\/wwf-4-logo-black-and-white-1024x1024.png 1024w, https:\/\/transformancy.com\/wp-content\/uploads\/2024\/08\/wwf-4-logo-black-and-white-150x150.png 150w, https:\/\/transformancy.com\/wp-content\/uploads\/2024\/08\/wwf-4-logo-black-and-white-768x768.png 768w, https:\/\/transformancy.com\/wp-content\/uploads\/2024\/08\/wwf-4-logo-black-and-white-1536x1536.png 1536w, https:\/\/transformancy.com\/wp-content\/uploads\/2024\/08\/wwf-4-logo-black-and-white-2048x2048.png 2048w\" sizes=\"(max-width: 2400px) 100vw, 2400px\" \/>\t\t\t\t\t\t\t\t\t\t\t\t\t\t\t<\/div>\n\t\t\t\t<\/div>\n\t\t\t\t<div class=\"elementor-element elementor-element-f63ebce elementor-widget elementor-widget-heading\" data-id=\"f63ebce\" data-element_type=\"widget\" data-e-type=\"widget\" data-widget_type=\"heading.default\">\n\t\t\t\t<div class=\"elementor-widget-container\">\n\t\t\t\t\t<h3 class=\"elementor-heading-title elementor-size-default\">WWF Suecia<\/h3>\t\t\t\t<\/div>\n\t\t\t\t<\/div>\n\t\t\t\t<div class=\"elementor-element elementor-element-6c7c309 elementor-widget elementor-widget-text-editor\" data-id=\"6c7c309\" data-element_type=\"widget\" data-e-type=\"widget\" data-widget_type=\"text-editor.default\">\n\t\t\t\t<div class=\"elementor-widget-container\">\n\t\t\t\t\t\t\t\t\tFomento de asociaciones equitativas en un programa\t\t\t\t\t\t\t\t<\/div>\n\t\t\t\t<\/div>\n\t\t\t\t<div class=\"elementor-element elementor-element-65ec787 elementor-view-stacked elementor-absolute elementor-shape-circle elementor-widget elementor-widget-icon\" data-id=\"65ec787\" data-element_type=\"widget\" data-e-type=\"widget\" data-settings=\"{&quot;_position&quot;:&quot;absolute&quot;}\" data-widget_type=\"icon.default\">\n\t\t\t\t<div class=\"elementor-widget-container\">\n\t\t\t\t\t\t\t<div class=\"elementor-icon-wrapper\">\n\t\t\t<div class=\"elementor-icon\">\n\t\t\t<svg aria-hidden=\"true\" class=\"e-font-icon-svg e-fas-arrow-right\" viewBox=\"0 0 448 512\" xmlns=\"http:\/\/www.w3.org\/2000\/svg\"><path d=\"M190.5 66.9l22.2-22.2c9.4-9.4 24.6-9.4 33.9 0L441 239c9.4 9.4 9.4 24.6 0 33.9L246.6 467.3c-9.4 9.4-24.6 9.4-33.9 0l-22.2-22.2c-9.5-9.5-9.3-25 .4-34.3L311.4 296H24c-13.3 0-24-10.7-24-24v-32c0-13.3 10.7-24 24-24h287.4L190.9 101.2c-9.8-9.3-10-24.8-.4-34.3z\"><\/path><\/svg>\t\t\t<\/div>\n\t\t<\/div>\n\t\t\t\t\t\t<\/div>\n\t\t\t\t<\/div>\n\t\t\t\t<\/div>\n\t\t\t\t<\/a>\n\t\t\t\t<\/div>\n\t\t<a href=\"https:\/\/transformancy.com\/es\/portfolios\/wwf-suecia\/\" class=\"jet-engine-listing-overlay-link\"><\/a><\/div><\/div><div class=\"jet-listing-grid__item jet-listing-dynamic-post-1035\" data-post-id=\"1035\"  ><div class=\"jet-engine-listing-overlay-wrap\" data-url=\"https:\/\/transformancy.com\/es\/portfolios\/unicef-tanzania\/\">\t\t<div data-elementor-type=\"jet-listing-items\" data-elementor-id=\"854\" class=\"elementor elementor-854\" data-elementor-post-type=\"jet-engine\">\n\t\t\t\t<a class=\"elementor-element elementor-element-04cbd8f e-con-full e-flex e-con e-child\" data-id=\"04cbd8f\" data-element_type=\"container\" data-e-type=\"container\" href=\"#\">\n\t\t<div class=\"elementor-element elementor-element-2938c47 e-con-full e-flex e-con e-child\" data-id=\"2938c47\" data-element_type=\"container\" data-e-type=\"container\" data-settings=\"{&quot;background_background&quot;:&quot;classic&quot;}\">\n\t\t\t\t<div class=\"elementor-element elementor-element-aa360ae elementor-widget elementor-widget-image\" data-id=\"aa360ae\" data-element_type=\"widget\" data-e-type=\"widget\" data-widget_type=\"image.default\">\n\t\t\t\t<div class=\"elementor-widget-container\">\n\t\t\t\t\t\t\t\t\t\t\t\t\t\t\t<img decoding=\"async\" width=\"800\" height=\"200\" src=\"https:\/\/transformancy.com\/wp-content\/uploads\/2024\/08\/800px-UNICEF_Logo.png\" class=\"attachment-full size-full wp-image-1034\" alt=\"\" srcset=\"https:\/\/transformancy.com\/wp-content\/uploads\/2024\/08\/800px-UNICEF_Logo.png 800w, https:\/\/transformancy.com\/wp-content\/uploads\/2024\/08\/800px-UNICEF_Logo-300x75.png 300w, https:\/\/transformancy.com\/wp-content\/uploads\/2024\/08\/800px-UNICEF_Logo-768x192.png 768w\" sizes=\"(max-width: 800px) 100vw, 800px\" \/>\t\t\t\t\t\t\t\t\t\t\t\t\t\t\t<\/div>\n\t\t\t\t<\/div>\n\t\t\t\t<div class=\"elementor-element elementor-element-f63ebce elementor-widget elementor-widget-heading\" data-id=\"f63ebce\" data-element_type=\"widget\" data-e-type=\"widget\" data-widget_type=\"heading.default\">\n\t\t\t\t<div class=\"elementor-widget-container\">\n\t\t\t\t\t<h3 class=\"elementor-heading-title elementor-size-default\">UNICEF Tanzania<\/h3>\t\t\t\t<\/div>\n\t\t\t\t<\/div>\n\t\t\t\t<div class=\"elementor-element elementor-element-6c7c309 elementor-widget elementor-widget-text-editor\" data-id=\"6c7c309\" data-element_type=\"widget\" data-e-type=\"widget\" data-widget_type=\"text-editor.default\">\n\t\t\t\t<div class=\"elementor-widget-container\">\n\t\t\t\t\t\t\t\t\tUtilizaci\u00f3n de la teor\u00eda del cambio para el aprendizaje organizativo \t\t\t\t\t\t\t\t<\/div>\n\t\t\t\t<\/div>\n\t\t\t\t<div class=\"elementor-element elementor-element-65ec787 elementor-view-stacked elementor-absolute elementor-shape-circle elementor-widget elementor-widget-icon\" data-id=\"65ec787\" data-element_type=\"widget\" data-e-type=\"widget\" data-settings=\"{&quot;_position&quot;:&quot;absolute&quot;}\" data-widget_type=\"icon.default\">\n\t\t\t\t<div class=\"elementor-widget-container\">\n\t\t\t\t\t\t\t<div class=\"elementor-icon-wrapper\">\n\t\t\t<div class=\"elementor-icon\">\n\t\t\t<svg aria-hidden=\"true\" class=\"e-font-icon-svg e-fas-arrow-right\" viewBox=\"0 0 448 512\" xmlns=\"http:\/\/www.w3.org\/2000\/svg\"><path d=\"M190.5 66.9l22.2-22.2c9.4-9.4 24.6-9.4 33.9 0L441 239c9.4 9.4 9.4 24.6 0 33.9L246.6 467.3c-9.4 9.4-24.6 9.4-33.9 0l-22.2-22.2c-9.5-9.5-9.3-25 .4-34.3L311.4 296H24c-13.3 0-24-10.7-24-24v-32c0-13.3 10.7-24 24-24h287.4L190.9 101.2c-9.8-9.3-10-24.8-.4-34.3z\"><\/path><\/svg>\t\t\t<\/div>\n\t\t<\/div>\n\t\t\t\t\t\t<\/div>\n\t\t\t\t<\/div>\n\t\t\t\t<\/div>\n\t\t\t\t<\/a>\n\t\t\t\t<\/div>\n\t\t<a href=\"https:\/\/transformancy.com\/es\/portfolios\/unicef-tanzania\/\" class=\"jet-engine-listing-overlay-link\"><\/a><\/div><\/div><div class=\"jet-listing-grid__item jet-listing-dynamic-post-1031\" data-post-id=\"1031\"  ><div class=\"jet-engine-listing-overlay-wrap\" data-url=\"https:\/\/transformancy.com\/es\/portfolios\/aga-khan-foundation\/\">\t\t<div data-elementor-type=\"jet-listing-items\" data-elementor-id=\"854\" class=\"elementor elementor-854\" data-elementor-post-type=\"jet-engine\">\n\t\t\t\t<a class=\"elementor-element elementor-element-04cbd8f e-con-full e-flex e-con e-child\" data-id=\"04cbd8f\" data-element_type=\"container\" data-e-type=\"container\" href=\"#\">\n\t\t<div class=\"elementor-element elementor-element-2938c47 e-con-full e-flex e-con e-child\" data-id=\"2938c47\" data-element_type=\"container\" data-e-type=\"container\" data-settings=\"{&quot;background_background&quot;:&quot;classic&quot;}\">\n\t\t\t\t<div class=\"elementor-element elementor-element-aa360ae elementor-widget elementor-widget-image\" data-id=\"aa360ae\" data-element_type=\"widget\" data-e-type=\"widget\" data-widget_type=\"image.default\">\n\t\t\t\t<div class=\"elementor-widget-container\">\n\t\t\t\t\t\t\t\t\t\t\t\t\t\t\t<img decoding=\"async\" width=\"224\" height=\"137\" src=\"https:\/\/transformancy.com\/wp-content\/uploads\/2024\/08\/Aga-Khan-Foundation-logo.webp\" class=\"attachment-full size-full wp-image-1030\" alt=\"\" \/>\t\t\t\t\t\t\t\t\t\t\t\t\t\t\t<\/div>\n\t\t\t\t<\/div>\n\t\t\t\t<div class=\"elementor-element elementor-element-f63ebce elementor-widget elementor-widget-heading\" data-id=\"f63ebce\" data-element_type=\"widget\" data-e-type=\"widget\" data-widget_type=\"heading.default\">\n\t\t\t\t<div class=\"elementor-widget-container\">\n\t\t\t\t\t<h3 class=\"elementor-heading-title elementor-size-default\">Aga Khan Foundation<\/h3>\t\t\t\t<\/div>\n\t\t\t\t<\/div>\n\t\t\t\t<div class=\"elementor-element elementor-element-6c7c309 elementor-widget elementor-widget-text-editor\" data-id=\"6c7c309\" data-element_type=\"widget\" data-e-type=\"widget\" data-widget_type=\"text-editor.default\">\n\t\t\t\t<div class=\"elementor-widget-container\">\n\t\t\t\t\t\t\t\t\tAutoconciencia, empat\u00eda y prop\u00f3sito para el liderazgo en la lucha contra la pobreza\t\t\t\t\t\t\t\t<\/div>\n\t\t\t\t<\/div>\n\t\t\t\t<div class=\"elementor-element elementor-element-65ec787 elementor-view-stacked elementor-absolute elementor-shape-circle elementor-widget elementor-widget-icon\" data-id=\"65ec787\" data-element_type=\"widget\" data-e-type=\"widget\" data-settings=\"{&quot;_position&quot;:&quot;absolute&quot;}\" data-widget_type=\"icon.default\">\n\t\t\t\t<div class=\"elementor-widget-container\">\n\t\t\t\t\t\t\t<div class=\"elementor-icon-wrapper\">\n\t\t\t<div class=\"elementor-icon\">\n\t\t\t<svg aria-hidden=\"true\" class=\"e-font-icon-svg e-fas-arrow-right\" viewBox=\"0 0 448 512\" xmlns=\"http:\/\/www.w3.org\/2000\/svg\"><path d=\"M190.5 66.9l22.2-22.2c9.4-9.4 24.6-9.4 33.9 0L441 239c9.4 9.4 9.4 24.6 0 33.9L246.6 467.3c-9.4 9.4-24.6 9.4-33.9 0l-22.2-22.2c-9.5-9.5-9.3-25 .4-34.3L311.4 296H24c-13.3 0-24-10.7-24-24v-32c0-13.3 10.7-24 24-24h287.4L190.9 101.2c-9.8-9.3-10-24.8-.4-34.3z\"><\/path><\/svg>\t\t\t<\/div>\n\t\t<\/div>\n\t\t\t\t\t\t<\/div>\n\t\t\t\t<\/div>\n\t\t\t\t<\/div>\n\t\t\t\t<\/a>\n\t\t\t\t<\/div>\n\t\t<a href=\"https:\/\/transformancy.com\/es\/portfolios\/aga-khan-foundation\/\" class=\"jet-engine-listing-overlay-link\"><\/a><\/div><\/div><\/div><\/div>\t\t\t\t<\/div>\n\t\t\t\t<\/div>\n\t\t\t\t\t<\/div>\n\t\t\t\t<\/div>\n\t\t\t\t<\/div>\n\t\t","protected":false},"excerpt":{"rendered":"<p>Consultores ben\u00e9ficos &#8211; consultor\u00eda sin \u00e1nimo de lucro &#8211; consultor\u00eda ONG Nuestro trabajo en las Organizaciones de Desarollo<\/p>\n","protected":false},"author":1,"featured_media":0,"parent":0,"menu_order":0,"comment_status":"closed","ping_status":"closed","template":"elementor_header_footer","meta":{"inline_featured_image":false,"footnotes":""},"class_list":["post-746","page","type-page","status-publish"],"yoast_head":"<!-- This site is optimized with the Yoast SEO plugin v27.4 - https:\/\/yoast.com\/product\/yoast-seo-wordpress\/ -->\n<title>Organizaciones de Desarrollo - Transformancy<\/title>\n<meta name=\"description\" content=\"Nuestro trabajo en organizaciones de desarrollo. Consultor\u00eda de ONG. Consultor\u00eda para organizaciones ben\u00e9ficas. Consultor\u00eda para organizaciones sin \u00e1nimo de lucro.\" \/>\n<meta name=\"robots\" content=\"noindex, follow\" \/>\n<meta property=\"og:locale\" content=\"es_ES\" \/>\n<meta property=\"og:type\" content=\"article\" \/>\n<meta property=\"og:title\" content=\"Organizaciones de Desarrollo - Transformancy\" \/>\n<meta property=\"og:description\" content=\"Nuestro trabajo en organizaciones de desarrollo. Consultor\u00eda de ONG. Consultor\u00eda para organizaciones ben\u00e9ficas. Consultor\u00eda para organizaciones sin \u00e1nimo de lucro.\" \/>\n<meta property=\"og:url\" content=\"https:\/\/transformancy.com\/es\/ong\/\" \/>\n<meta property=\"og:site_name\" content=\"Transformancy\" \/>\n<meta property=\"article:modified_time\" content=\"2024-08-29T11:21:42+00:00\" \/>\n<meta name=\"twitter:card\" content=\"summary_large_image\" \/>\n<script type=\"application\/ld+json\" class=\"yoast-schema-graph\">{\"@context\":\"https:\\\/\\\/schema.org\",\"@graph\":[{\"@type\":\"WebPage\",\"@id\":\"https:\\\/\\\/transformancy.com\\\/es\\\/ong\\\/\",\"url\":\"https:\\\/\\\/transformancy.com\\\/es\\\/ong\\\/\",\"name\":\"Organizaciones de Desarrollo - Transformancy\",\"isPartOf\":{\"@id\":\"https:\\\/\\\/transformancy.com\\\/es\\\/#website\"},\"datePublished\":\"2024-07-15T12:55:46+00:00\",\"dateModified\":\"2024-08-29T11:21:42+00:00\",\"description\":\"Nuestro trabajo en organizaciones de desarrollo. Consultor\u00eda de ONG. Consultor\u00eda para organizaciones ben\u00e9ficas. Consultor\u00eda para organizaciones sin \u00e1nimo de lucro.\",\"breadcrumb\":{\"@id\":\"https:\\\/\\\/transformancy.com\\\/es\\\/ong\\\/#breadcrumb\"},\"inLanguage\":\"es\",\"potentialAction\":[{\"@type\":\"ReadAction\",\"target\":[\"https:\\\/\\\/transformancy.com\\\/es\\\/ong\\\/\"]}]},{\"@type\":\"BreadcrumbList\",\"@id\":\"https:\\\/\\\/transformancy.com\\\/es\\\/ong\\\/#breadcrumb\",\"itemListElement\":[{\"@type\":\"ListItem\",\"position\":1,\"name\":\"Portada\",\"item\":\"https:\\\/\\\/transformancy.com\\\/es\\\/\"},{\"@type\":\"ListItem\",\"position\":2,\"name\":\"Organizaciones de Desarrollo\"}]},{\"@type\":\"WebSite\",\"@id\":\"https:\\\/\\\/transformancy.com\\\/es\\\/#website\",\"url\":\"https:\\\/\\\/transformancy.com\\\/es\\\/\",\"name\":\"Transformancy\",\"description\":\"\",\"publisher\":{\"@id\":\"https:\\\/\\\/transformancy.com\\\/es\\\/#organization\"},\"potentialAction\":[{\"@type\":\"SearchAction\",\"target\":{\"@type\":\"EntryPoint\",\"urlTemplate\":\"https:\\\/\\\/transformancy.com\\\/es\\\/?s={search_term_string}\"},\"query-input\":{\"@type\":\"PropertyValueSpecification\",\"valueRequired\":true,\"valueName\":\"search_term_string\"}}],\"inLanguage\":\"es\"},{\"@type\":\"Organization\",\"@id\":\"https:\\\/\\\/transformancy.com\\\/es\\\/#organization\",\"name\":\"Transformancy\",\"url\":\"https:\\\/\\\/transformancy.com\\\/es\\\/\",\"logo\":{\"@type\":\"ImageObject\",\"inLanguage\":\"es\",\"@id\":\"https:\\\/\\\/transformancy.com\\\/es\\\/#\\\/schema\\\/logo\\\/image\\\/\",\"url\":\"https:\\\/\\\/transformancy.com\\\/wp-content\\\/uploads\\\/2024\\\/08\\\/transformancy-1.png\",\"contentUrl\":\"https:\\\/\\\/transformancy.com\\\/wp-content\\\/uploads\\\/2024\\\/08\\\/transformancy-1.png\",\"width\":512,\"height\":512,\"caption\":\"Transformancy\"},\"image\":{\"@id\":\"https:\\\/\\\/transformancy.com\\\/es\\\/#\\\/schema\\\/logo\\\/image\\\/\"}}]}<\/script>\n<!-- \/ Yoast SEO plugin. -->","yoast_head_json":{"title":"Organizaciones de Desarrollo - Transformancy","description":"Nuestro trabajo en organizaciones de desarrollo. Consultor\u00eda de ONG. Consultor\u00eda para organizaciones ben\u00e9ficas. Consultor\u00eda para organizaciones sin \u00e1nimo de lucro.","robots":{"index":"noindex","follow":"follow"},"og_locale":"es_ES","og_type":"article","og_title":"Organizaciones de Desarrollo - Transformancy","og_description":"Nuestro trabajo en organizaciones de desarrollo. Consultor\u00eda de ONG. Consultor\u00eda para organizaciones ben\u00e9ficas. Consultor\u00eda para organizaciones sin \u00e1nimo de lucro.","og_url":"https:\/\/transformancy.com\/es\/ong\/","og_site_name":"Transformancy","article_modified_time":"2024-08-29T11:21:42+00:00","twitter_card":"summary_large_image","schema":{"@context":"https:\/\/schema.org","@graph":[{"@type":"WebPage","@id":"https:\/\/transformancy.com\/es\/ong\/","url":"https:\/\/transformancy.com\/es\/ong\/","name":"Organizaciones de Desarrollo - Transformancy","isPartOf":{"@id":"https:\/\/transformancy.com\/es\/#website"},"datePublished":"2024-07-15T12:55:46+00:00","dateModified":"2024-08-29T11:21:42+00:00","description":"Nuestro trabajo en organizaciones de desarrollo. Consultor\u00eda de ONG. Consultor\u00eda para organizaciones ben\u00e9ficas. Consultor\u00eda para organizaciones sin \u00e1nimo de lucro.","breadcrumb":{"@id":"https:\/\/transformancy.com\/es\/ong\/#breadcrumb"},"inLanguage":"es","potentialAction":[{"@type":"ReadAction","target":["https:\/\/transformancy.com\/es\/ong\/"]}]},{"@type":"BreadcrumbList","@id":"https:\/\/transformancy.com\/es\/ong\/#breadcrumb","itemListElement":[{"@type":"ListItem","position":1,"name":"Portada","item":"https:\/\/transformancy.com\/es\/"},{"@type":"ListItem","position":2,"name":"Organizaciones de Desarrollo"}]},{"@type":"WebSite","@id":"https:\/\/transformancy.com\/es\/#website","url":"https:\/\/transformancy.com\/es\/","name":"Transformancy","description":"","publisher":{"@id":"https:\/\/transformancy.com\/es\/#organization"},"potentialAction":[{"@type":"SearchAction","target":{"@type":"EntryPoint","urlTemplate":"https:\/\/transformancy.com\/es\/?s={search_term_string}"},"query-input":{"@type":"PropertyValueSpecification","valueRequired":true,"valueName":"search_term_string"}}],"inLanguage":"es"},{"@type":"Organization","@id":"https:\/\/transformancy.com\/es\/#organization","name":"Transformancy","url":"https:\/\/transformancy.com\/es\/","logo":{"@type":"ImageObject","inLanguage":"es","@id":"https:\/\/transformancy.com\/es\/#\/schema\/logo\/image\/","url":"https:\/\/transformancy.com\/wp-content\/uploads\/2024\/08\/transformancy-1.png","contentUrl":"https:\/\/transformancy.com\/wp-content\/uploads\/2024\/08\/transformancy-1.png","width":512,"height":512,"caption":"Transformancy"},"image":{"@id":"https:\/\/transformancy.com\/es\/#\/schema\/logo\/image\/"}}]}},"_links":{"self":[{"href":"https:\/\/transformancy.com\/es\/wp-json\/wp\/v2\/pages\/746","targetHints":{"allow":["GET"]}}],"collection":[{"href":"https:\/\/transformancy.com\/es\/wp-json\/wp\/v2\/pages"}],"about":[{"href":"https:\/\/transformancy.com\/es\/wp-json\/wp\/v2\/types\/page"}],"author":[{"embeddable":true,"href":"https:\/\/transformancy.com\/es\/wp-json\/wp\/v2\/users\/1"}],"replies":[{"embeddable":true,"href":"https:\/\/transformancy.com\/es\/wp-json\/wp\/v2\/comments?post=746"}],"version-history":[{"count":0,"href":"https:\/\/transformancy.com\/es\/wp-json\/wp\/v2\/pages\/746\/revisions"}],"wp:attachment":[{"href":"https:\/\/transformancy.com\/es\/wp-json\/wp\/v2\/media?parent=746"}],"curies":[{"name":"wp","href":"https:\/\/api.w.org\/{rel}","templated":true}]}}